{"id":240,"date":"2025-02-04T20:19:19","date_gmt":"2025-02-04T23:19:19","guid":{"rendered":"https:\/\/turismonadivisa.com.br\/?page_id=240"},"modified":"2025-02-04T20:20:37","modified_gmt":"2025-02-04T23:20:37","slug":"enderecos-e-telefones-uteis","status":"publish","type":"page","link":"https:\/\/turismonadivisa.com.br\/?page_id=240","title":{"rendered":"Endere\u00e7os e Telefones \u00dateis"},"content":{"rendered":"\t\t<div data-elementor-type=\"wp-page\" data-elementor-id=\"240\" class=\"elementor elementor-240\">\n\t\t\t\t<div class=\"elementor-element elementor-element-4ffaf30 e-flex e-con-boxed wpr-particle-no wpr-jarallax-no wpr-parallax-no wpr-sticky-section-no wpr-column-slider-no wpr-equal-height-no e-con e-parent\" data-id=\"4ffaf30\" data-element_type=\"container\" data-e-type=\"container\">\n\t\t\t\t\t<div class=\"e-con-inner\">\n\t\t\t\t<div class=\"elementor-element elementor-element-fc18d3f elementor-widget elementor-widget-heading\" data-id=\"fc18d3f\" data-element_type=\"widget\" data-e-type=\"widget\" data-widget_type=\"heading.default\">\n\t\t\t\t<div class=\"elementor-widget-container\">\n\t\t\t\t\t<h2 class=\"elementor-heading-title elementor-size-default\">Endere\u00e7os e Telefones \u00dateis<\/h2>\t\t\t\t<\/div>\n\t\t\t\t<\/div>\n\t\t\t\t\t<\/div>\n\t\t\t\t<\/div>\n\t\t<div class=\"elementor-element elementor-element-7165fa5 e-flex e-con-boxed wpr-particle-no wpr-jarallax-no wpr-parallax-no wpr-sticky-section-no wpr-column-slider-no wpr-equal-height-no e-con e-parent\" data-id=\"7165fa5\" data-element_type=\"container\" data-e-type=\"container\">\n\t\t\t\t\t<div class=\"e-con-inner\">\n\t\t\t\t<div class=\"elementor-element elementor-element-741f43f elementor-widget elementor-widget-text-editor\" data-id=\"741f43f\" data-element_type=\"widget\" data-e-type=\"widget\" data-widget_type=\"text-editor.default\">\n\t\t\t\t<div class=\"elementor-widget-container\">\n\t\t\t\t\t\t\t\t\t<p><strong>Prefeitura Municipal de Itamb\u00e9<\/strong><\/p><ul><li>Endere\u00e7o: Rua Josu\u00e9 de Castro, n\u00ba 84 \u2013 Centro \u2013 Itamb\u00e9\/PE \u2013 CEP: 55920-000<\/li><li>Telefone: (81) 92001-3530<\/li><li>Hor\u00e1rio de Funcionamento: 07h \u00e0s 13h (atendimento ao p\u00fablico) \u2013 14h \u00e0s 17h (interno)<\/li><\/ul><p><strong>\u00a0<\/strong><\/p><p><strong>Ouvidoria da Prefeitura Municipal de Itamb\u00e9<\/strong><\/p><ul><li>Endere\u00e7o: Rua Josu\u00e9 de Castro, n\u00ba 84 \u2013 Centro \u2013 Itamb\u00e9\/PE \u2013 CEP: 55920-000<\/li><li>Telefone: (81) 2001-3055<\/li><li>Hor\u00e1rio de Funcionamento: 07h \u00e0s 13h<\/li><\/ul><p><strong>\u00a0<\/strong><\/p><p><strong>Secretarias Municipais e seus \u00f3rg\u00e3os, Controle Interno e RPPS<\/strong><\/p><ul><li>Endere\u00e7o: Rua Josu\u00e9 de Castro, n\u00ba 84 \u2013 Centro \u2013 Itamb\u00e9\/PE \u2013 CEP: 55920-000<\/li><li>Telefone: (81) 92001-3530 (Ramais dispon\u00edveis no link \u201cSecretarias\u201d)<\/li><li>Hor\u00e1rio de Funcionamento: 7h \u00e0s 13h<\/li><\/ul><p><b>Setor de Regula\u00e7\u00e3o<\/b><\/p><ul><li>Endere\u00e7o: Rua Josu\u00e9 de Castro, n\u00ba 84 \u2013 Centro \u2013 Itamb\u00e9\/PE \u2013 CEP: 55920-000<\/li><li>Telefone: (81) 92001-1963<\/li><li>Hor\u00e1rio de Funcionamento: 7h \u00e0s 13h<\/li><\/ul><p><strong>\u00a0<\/strong><\/p><p><b>Ambul\u00e2ncia de Ibiranga<\/b><\/p><ul><li>Telefone: (81) 92001-2253<\/li><\/ul><p><b>Ambul\u00e2ncia de Caric\u00e9<\/b><\/p><ul><li>Telefone: (81) 9.8392-9086<\/li><\/ul><p><strong>Hospital de Itamb\u00e9 \u2013 Unidade Mista Dr. Herc\u00edlio de Moraes Borba<\/strong><\/p><ul><li>Endere\u00e7o: Rua S\u00e3o Sebasti\u00e3o, n\u00ba 20 \u2013 Centro \u2013 Itamb\u00e9\/PE \u2013 CEP: 55920-000<\/li><li>Telefone: (81) 9.2001-2248 \u2013 Recep\u00e7\u00e3o<\/li><li>Telefone: (81) 9.2001-2239 \u2013 Assistente Social<\/li><li>Hor\u00e1rio: 24h de funcionamento<\/li><\/ul><p><strong>\u00a0<\/strong><\/p><p><strong>Policl\u00ednica Manoel Gomes de S\u00e1<\/strong><\/p><ul><li>Endere\u00e7o: Rua Roberto Guimar\u00e3es, n\u00ba 01 \u2013 Centro \u2013 Itamb\u00e9\/PE \u2013 CEP: 55920-000<\/li><li>Unidade B\u00e1sica de Sa\u00fade Ant\u00f4nio Bezerra de Meneses<\/li><li>Endere\u00e7o: Rua Maria Rita Rodrigues Barbalho, n\u00ba 203 \u2013 Itamb\u00e9\/PE \u2013 CEP: 55920-000<\/li><li>Hor\u00e1rio de Funcionamento: de 7h \u00e0s 12h e de 13 \u00e0s 16h<\/li><\/ul><p><strong>\u00a0<\/strong><\/p><p><strong>Unidade B\u00e1sica de Sa\u00fade Salgadeira<\/strong><\/p><ul><li>Endere\u00e7o: Rua Jos\u00e9 Ursulino, s\/n \u2013 Salgadeira \u2013 Itamb\u00e9\/PE \u2013 CEP: 55920-000<\/li><li>Hor\u00e1rio de Funcionamento: De 7h \u00e0s 12h e de 13 \u00e0s 16h<\/li><\/ul><p><strong>\u00a0<\/strong><\/p><p><strong>Unidade B\u00e1sica de Sa\u00fade Ibiranga<\/strong><\/p><ul><li>Endere\u00e7o: Rua Artur T. Melo, n\u00ba 128 \u2013 Distrito Ibiranga \u2013 Itamb\u00e9\/PE \u2013 CEP: 55920-000<\/li><li>Hor\u00e1rio de Funcionamento: De 7h \u00e0s 12h e de 13 \u00e0s 16h<\/li><\/ul><p><strong>\u00a0<\/strong><\/p><p><strong>Unidade B\u00e1sica de Sa\u00fade Caric\u00e9<\/strong><\/p><ul><li>Endere\u00e7o: Rua Jo\u00e3o Barbalho, 130 \u2013 Distrito Caric\u00e9 \u2013 Itamb\u00e9\/PE \u2013 CEP: 55920-000<\/li><li>Hor\u00e1rio de Funcionamento: De 7h \u00e0s 12h e de 13 \u00e0s 16h<\/li><\/ul><p><strong>\u00a0<\/strong><\/p><p><strong>Unidade B\u00e1sica de Sa\u00fade Quebec<\/strong><\/p><ul><li>Endere\u00e7o: Vila Quebec, s\/n \u2013 Distrito Quebec \u2013 Itamb\u00e9\/PE \u2013 CEP: 55920-000<\/li><li>Hor\u00e1rio de Funcionamento: De 7h \u00e0s 12h e de 13 \u00e0s 16h<\/li><\/ul><p><strong>\u00a0<\/strong><\/p><p><strong>Unidade B\u00e1sica de Sa\u00fade Luiz Gonzaga<\/strong><\/p><ul><li>Endere\u00e7o: Avenida Afonso Pena, n\u00ba 710 \u2013 Jardim Bela Vista \u2013 Itamb\u00e9\/PE \u2013 CEP: 55920-000<\/li><li>Hor\u00e1rio de Funcionamento: De 7h \u00e0s 12h e de 13 \u00e0s 16h<\/li><\/ul><p><strong>\u00a0<\/strong><\/p><p><strong>Unidade B\u00e1sica de Sa\u00fade Jardim<\/strong><\/p><ul><li>Endere\u00e7o: Engenho Jardim, n\u00ba 10 \u2013 Zona Rural \u2013 Itamb\u00e9\/PE \u2013 CEP: 55920-000<\/li><li>Hor\u00e1rio de Funcionamento: De 7h \u00e0s 12h e de 13 \u00e0s 16h<\/li><\/ul><p><strong>\u00a0<\/strong><\/p><p><strong>Unidade B\u00e1sica de Sa\u00fade Maracuj\u00e1 I<\/strong><\/p><ul><li>Endere\u00e7o: Rua Estrada da Giasa, s\/n \u2013 Maracuj\u00e1 I \u2013 Itamb\u00e9\/PE \u2013 CEP: 55920-000<\/li><li>Hor\u00e1rio de Funcionamento: De 7h \u00e0s 12h e de 13 \u00e0s 16h<\/li><\/ul><p><strong>\u00a0<\/strong><\/p><p><strong>Unidade B\u00e1sica de Sa\u00fade Maracuj\u00e1 II<\/strong><\/p><ul><li>Endere\u00e7o: Rua Severino Nunes Ribeiro, n\u00ba 253 \u2013 Maracuj\u00e1 II \u2013 Itamb\u00e9\/PE \u2013 CEP: 55920-000<\/li><li>Hor\u00e1rio de Funcionamento: De 7h \u00e0s 12h e de 13 \u00e0s 16h<\/li><\/ul><p><strong>\u00a0<\/strong><\/p><p><strong>Unidade B\u00e1sica de Sa\u00fade Francisco Cordeiro<\/strong><\/p><ul><li>Endere\u00e7o: Rua Jos\u00e9 Mendes Filho, n\u00ba 231 \u2013 Francisco Cordeiro \u2013 Itamb\u00e9\/PE \u2013 CEP: 55920-000<\/li><li>Hor\u00e1rio de Funcionamento: De 7h \u00e0s 12h e de 13 \u00e0s 16h<\/li><\/ul><p><strong>\u00a0<\/strong><\/p><p><strong>Unidade B\u00e1sica de Sa\u00fade Loteamento Figueiredo<\/strong><\/p><ul><li>Endere\u00e7o: Rua B, n\u00ba 549 \u2013 Loteamento Figueiredo \u2013 Itamb\u00e9\/PE \u2013 CEP: 55920-000<\/li><li>Hor\u00e1rio de Funcionamento: De 7h \u00e0s 12h e de 13 \u00e0s 16h<\/li><\/ul><p><strong>\u00a0<\/strong><\/p><p><strong>Unidade B\u00e1sica de Sa\u00fade Salgadeira<\/strong><\/p><ul><li>Endere\u00e7o: Rua Jos\u00e9 Ursulino, s\/n \u2013 Salgadeira \u2013 Itamb\u00e9\/PE \u2013 CEP: 55920-000<\/li><li>Hor\u00e1rio de Funcionamento: De 7h \u00e0s 12h e de 13 \u00e0s 16h<\/li><\/ul><p><strong>\u00a0<\/strong><\/p><p><strong>Centro de Aten\u00e7\u00e3o Psicossocial (CAPS)<\/strong><\/p><ul><li>Endere\u00e7o: Rua Desembargador Vieira de Melo \u2013 Centro \u2013 Itamb\u00e9\/PE \u2013 CEP: 55920-000<\/li><li>Hor\u00e1rio de Funcionamento: De 7h \u00e0s 12h e de 13 \u00e0s 16h<\/li><\/ul><p><strong>\u00a0<\/strong><\/p><p><strong>N\u00facleo de Apoio \u00e0 Sa\u00fade da Fam\u00edlia (NASF)<\/strong><\/p><ul><li>Endere\u00e7o: Pra\u00e7a Maria Jos\u00e9 S\u00e1 de Andrade, s\/n \u2013 Centro \u2013 Itamb\u00e9\/PE \u2013 CEP: 55920-000<\/li><li>Hor\u00e1rio de Funcionamento: De 7h \u00e0s 12h e de 13 \u00e0s 16h<\/li><\/ul><p><strong>\u00a0<\/strong><\/p><p><strong>Centro de Especialidades Odontol\u00f3gicas (CEO)<\/strong><\/p><ul><li>Endere\u00e7o: Pra\u00e7a Maria Jos\u00e9 S\u00e1 de Andrade, s\/n \u2013 Centro \u2013 Itamb\u00e9\/PE \u2013 CEP: 55920-000<\/li><li>Hor\u00e1rio de Funcionamento: De 7h \u00e0s 12h e de 13 \u00e0s 16h<\/li><\/ul><p><strong>\u00a0<\/strong><\/p><p><strong>Centro de Refer\u00eancia de Assist\u00eancia Social (CRAS)<\/strong><\/p><ul><li>Endere\u00e7o: Rua Senador Paulo Guerra, n\u00ba 221\u2013 Centro \u2013 Itamb\u00e9\/PE \u2013 CEP: 55920-000<\/li><li>Hor\u00e1rio de Funcionamento: De 8h \u00e0s 11h e de 13 \u00e0s 16h<\/li><\/ul><p><strong>\u00a0<\/strong><\/p><p><strong>Centro de Refer\u00eancia Especializado de Assist\u00eancia Social (CREAS)<\/strong><\/p><ul><li>Endere\u00e7o: Rua Dr. Correia Lima, n\u00ba 60 \u2013 Centro \u2013 Itamb\u00e9\/PE \u2013 CEP: 55920-000<\/li><li>Hor\u00e1rio de Funcionamento: De 8h \u00e0s 11h e de 13 \u00e0s 16h<\/li><\/ul><p><strong>\u00a0<\/strong><\/p><p><strong>Servi\u00e7o de Conviv\u00eancia e Fortalecimento de V\u00ednculos (SFCV)<\/strong><\/p><ul><li>Endere\u00e7o: Rua Senador Paulo Guerra, n\u00ba 221\u2013 Centro \u2013 Itamb\u00e9\/PE \u2013 CEP: 55920-000<\/li><li>Hor\u00e1rio de Funcionamento: De 8h \u00e0s 11h e de 13 \u00e0s 16h<\/li><\/ul><p><strong>\u00a0<\/strong><\/p><p><strong>Conselho Tutelar<\/strong><\/p><ul><li>Endere\u00e7o: Rua Clara Camar\u00e3o, n\u00ba 48 \u2013 Centro \u2013 Itamb\u00e9\/PE \u2013 CEP: 55920-000<\/li><li>Hor\u00e1rio de Funcionamento: 8h \u00e0s 17h \u2013 Demais hor\u00e1rios sobre aviso.<\/li><\/ul><p><strong>\u00a0<\/strong><\/p><p><strong>Col\u00e9gio Municipal Professor Nivaldo Xavier de Ara\u00fajo<\/strong><\/p><ul><li>Endere\u00e7o: Pra\u00e7a Maria Jos\u00e9 S\u00e1 de Andrade \u2013 Centro \u2013 Itamb\u00e9\/PE \u2013 CEP: 55920-000<\/li><li>Hor\u00e1rio de Funcionamento: 7h30-11h50\/ 13h-17h20\/ 18h30-21h30<\/li><\/ul><p><strong>\u00a0<\/strong><\/p><p><strong>Escola Municipal Andr\u00e9 Vidal de Negreiros<\/strong><\/p><ul><li>Endere\u00e7o: Rua Andr\u00e9 Vidal de Negreiros \u2013 Itamb\u00e9\/PE \u2013 CEP: 55920-000<\/li><li>Hor\u00e1rio de Funcionamento: 7h30-11h50\/ 13h-17h20\/ 18h30-21h30<\/li><\/ul><p><strong>\u00a0<\/strong><\/p><p><strong>Escola Municipal Pascoal Carrazzoni<\/strong><\/p><ul><li>Endere\u00e7o: Avenida Tenente Fontoura \u2013 Itamb\u00e9\/PE \u2013 CEP: 55920-000<\/li><li>Hor\u00e1rio de Funcionamento: 7h30-11h50\/ 13h-17h20\/ 18h30-21h30<\/li><\/ul><p><strong>\u00a0<\/strong><\/p><p><strong>Escola Municipal Mocinha Barbalho<\/strong><\/p><ul><li>Endere\u00e7o: Estrada da Giasa \u2013 Itamb\u00e9\/PE \u2013 CEP: 55920-000<\/li><li>Hor\u00e1rio de Funcionamento: 7h30-17h20<\/li><\/ul><p><strong>\u00a0<\/strong><\/p><p><strong>Creche Municipal Vov\u00f4 Gennaro<\/strong><\/p><ul><li>Endere\u00e7o: Estrada da Giasa \u2013 Itamb\u00e9\/PE \u2013 CEP: 55920-000<\/li><li>Hor\u00e1rio de Funcionamento: 7h30-17h20<\/li><\/ul><p><strong>\u00a0<\/strong><\/p><p><strong>Escola Municipal Monsenhor J\u00falio Maria<\/strong><\/p><ul><li>Endere\u00e7o: Rua Ursulino de Andrade \u2013 Itamb\u00e9\/PE \u2013 CEP: 55920-000<\/li><li>Hor\u00e1rio de Funcionamento: 7h30-11h50<\/li><\/ul><p><strong>\u00a0<\/strong><\/p><p><strong>Escola Municipal Janduir Jos\u00e9 de Oliveira<\/strong><\/p><ul><li>Endere\u00e7o: Novo Itamb\u00e9 \u2013 Itamb\u00e9\/PE \u2013 CEP: 55920-000<\/li><li>Hor\u00e1rio de Funcionamento: 7h-11h\/ 13h-16h<\/li><\/ul><p><strong>\u00a0<\/strong><\/p><p><strong>Escola Municipal Lafayete Nunes Machado (Caric\u00e9)<\/strong><\/p><ul><li>Endere\u00e7o: Rua Joaquim Barbalho \u2013 Distrito Caric\u00e9 \u2013 Itamb\u00e9\/PE \u2013 CEP: 55920-000<\/li><li>Hor\u00e1rio de Funcionamento: 7h-11h20\/ 12h30-16h50\/ 18h30-21h30<\/li><\/ul><p><strong>\u00a0<\/strong><\/p><p><strong>Creche Municipal Vov\u00f4 Gennaro (Anexo \u2013 Caric\u00e9)<\/strong><\/p><ul><li>Endere\u00e7o: Rua Joaquim Barbalho \u2013 Distrito Caric\u00e9 \u2013 Itamb\u00e9\/PE \u2013 CEP: 55920-000<\/li><li>Hor\u00e1rio de Funcionamento: 7h-17h<\/li><\/ul><p><strong>\u00a0<\/strong><\/p><p><strong>Escola Municipal Prof\u00aa. Maria Madalena de Pontes Rodrigues<\/strong><\/p><ul><li>Endere\u00e7o: Rua Nova Art\u00e9ria \u2013 Distrito Ibiranga \u2013 Itamb\u00e9\/PE \u2013 CEP: 55920-000<\/li><li>Hor\u00e1rio de Funcionamento: 7h-11h20\/ 12h30-16h50<\/li><\/ul><p><strong>\u00a0<\/strong><\/p><p><strong>Escola Municipal de Quebec<\/strong><\/p><ul><li>Endere\u00e7o: Rua Goiana \u2013 Distrito Quebec \u2013 Itamb\u00e9\/PE \u2013 CEP: 55920-000<\/li><li>Hor\u00e1rio de Funcionamento: 7h-11h20\/ 12h30-16h50\/ 18h30-21h30<\/li><\/ul><p><strong>\u00a0<\/strong><\/p><p><strong>Creche Municipal Vov\u00f4 Pessoinha<\/strong><\/p><ul><li>Endere\u00e7o: Rua Goiana \u2013 Distrito Quebec \u2013 Itamb\u00e9\/PE \u2013 CEP: 55920-000<\/li><li>Hor\u00e1rio de Funcionamento: 7h-11h20\/ 13h-17h<\/li><\/ul><p><strong>\u00a0<\/strong><\/p><p><strong>Escola Municipal Ant\u00f4nio Guedes Correia Gondim<\/strong><\/p><ul><li>Endere\u00e7o: Engenho Teixeirinha (Esquecido) \u2013 Itamb\u00e9\/PE \u2013 CEP: 55920-000<\/li><li>Hor\u00e1rio de Funcionamento: 7h-11h20\/ 12h-16h20<\/li><\/ul><p><strong>\u00a0<\/strong><\/p><p><strong>Escola Municipal Itamir C\u00e9sar de Moura<\/strong><\/p><ul><li>Endere\u00e7o: Engenho Pangau\u00e1 \u2013 Itamb\u00e9\/PE \u2013 CEP: 55920-000<\/li><li>Hor\u00e1rio de Funcionamento: 7h-11h20\/ 12h-16h20<\/li><\/ul><p><strong>\u00a0<\/strong><\/p><p><strong>Escola Municipal Dr. Pedro Tavares de Melo<\/strong><\/p><ul><li>Endere\u00e7o: Engenho La\u00e7os \u2013 Itamb\u00e9\/PE \u2013 CEP: 55920-000<\/li><li>Hor\u00e1rio de Funcionamento: 7h-11h20<\/li><\/ul><p><strong>\u00a0<\/strong><\/p><p><strong>Escola Municipal Arthur Pac\u00edfico de Ara\u00fajo Pereira<\/strong><\/p><ul><li>Endere\u00e7o: Engenho Guabiraba \u2013 Itamb\u00e9\/PE \u2013 CEP: 55920-000<\/li><li>Hor\u00e1rio de Funcionamento: 7h-11h20<\/li><\/ul><p><strong>\u00a0<\/strong><\/p><p><strong>Escola Municipal Alfredo Pereira Campos<\/strong><\/p><ul><li>Endere\u00e7o: Verde Campo \u2013 Itamb\u00e9\/PE \u2013 CEP: 55920-000<\/li><li>Hor\u00e1rio de Funcionamento: 6h40-10h40<\/li><\/ul><p><strong>\u00a0<\/strong><\/p><p><strong>Escola Municipal Eliud Falc\u00e3o Correia Lima<\/strong><\/p><ul><li>Endere\u00e7o: Engenho Jardim \u2013 Itamb\u00e9\/PE \u2013 CEP: 55920-000<\/li><li>Hor\u00e1rio de Funcionamento: 7h-11h20<\/li><\/ul><p><strong>\u00a0<\/strong><\/p><p><strong>Escola Municipal \u00c1lvaro Veloso Borba<\/strong><\/p><ul><li>Endere\u00e7o: Engenho Lages \u2013 Itamb\u00e9\/PE \u2013 CEP: 55920-000<\/li><li>Hor\u00e1rio de Funcionamento: 7h-11h20<\/li><\/ul><p><strong>\u00a0<\/strong><\/p><p><strong>Escola Municipal Nossa Senhora das Gra\u00e7as Ii<\/strong><\/p><ul><li>Endere\u00e7o: Engenho S\u00e3o Louren\u00e7o \u2013 Itamb\u00e9\/PE \u2013 CEP: 55920-000<\/li><li>Hor\u00e1rio de Funcionamento: 7h-11h20<\/li><\/ul><p><strong>\u00a0<\/strong><\/p><p><strong>Escola Municipal Menino Jesus de Praga<\/strong><\/p><ul><li>Endere\u00e7o: Usina Brasil \u2013 Itamb\u00e9\/PE \u2013 CEP: 55920-000<\/li><li>Hor\u00e1rio de Funcionamento: 7h-11h20<\/li><\/ul>\t\t\t\t\t\t\t\t<\/div>\n\t\t\t\t<\/div>\n\t\t\t\t\t<\/div>\n\t\t\t\t<\/div>\n\t\t\t\t<\/div>\n\t\t","protected":false},"excerpt":{"rendered":"<p>Endere\u00e7os e Telefones \u00dateis Prefeitura Municipal de Itamb\u00e9 Endere\u00e7o: Rua Josu\u00e9 de Castro, n\u00ba 84 \u2013 Centro \u2013 Itamb\u00e9\/PE \u2013 CEP: 55920-000 Telefone: (81) 92001-3530 Hor\u00e1rio de Funcionamento: 07h \u00e0s 13h (atendimento ao p\u00fablico) \u2013 14h \u00e0s 17h (interno) \u00a0 Ouvidoria da Prefeitura Municipal de Itamb\u00e9 Endere\u00e7o: Rua Josu\u00e9 de Castro, n\u00ba 84 \u2013 Centro \u2013 Itamb\u00e9\/PE \u2013 CEP: 55920-000 Telefone: (81) 2001-3055 Hor\u00e1rio de Funcionamento: 07h \u00e0s 13h \u00a0 Secretarias Municipais e seus \u00f3rg\u00e3os, Controle Interno e RPPS Endere\u00e7o: Rua Josu\u00e9 de Castro, n\u00ba 84 \u2013 Centro \u2013 Itamb\u00e9\/PE \u2013 CEP: 55920-000 Telefone: (81) 92001-3530 (Ramais dispon\u00edveis no link \u201cSecretarias\u201d) Hor\u00e1rio de Funcionamento: 7h \u00e0s 13h Setor de Regula\u00e7\u00e3o Endere\u00e7o: Rua Josu\u00e9 de Castro, n\u00ba 84 \u2013 Centro \u2013 Itamb\u00e9\/PE \u2013 CEP: 55920-000 Telefone: (81) 92001-1963 Hor\u00e1rio de Funcionamento: 7h \u00e0s 13h \u00a0 Ambul\u00e2ncia de Ibiranga Telefone: (81) 92001-2253 Ambul\u00e2ncia de Caric\u00e9 Telefone: (81) 9.8392-9086 Hospital de Itamb\u00e9 \u2013 Unidade Mista Dr. Herc\u00edlio de Moraes Borba Endere\u00e7o: Rua S\u00e3o Sebasti\u00e3o, n\u00ba 20 \u2013 Centro \u2013 Itamb\u00e9\/PE \u2013 CEP: 55920-000 Telefone: (81) 9.2001-2248 \u2013 Recep\u00e7\u00e3o Telefone: (81) 9.2001-2239 \u2013 Assistente Social Hor\u00e1rio: 24h de funcionamento \u00a0 Policl\u00ednica Manoel Gomes de S\u00e1 Endere\u00e7o: Rua Roberto Guimar\u00e3es, n\u00ba 01 \u2013 Centro \u2013 Itamb\u00e9\/PE \u2013 CEP: 55920-000 Unidade B\u00e1sica de Sa\u00fade Ant\u00f4nio Bezerra de Meneses Endere\u00e7o: Rua Maria Rita Rodrigues Barbalho, n\u00ba 203 \u2013 Itamb\u00e9\/PE \u2013 CEP: 55920-000 Hor\u00e1rio de Funcionamento: de 7h \u00e0s 12h e de 13 \u00e0s 16h \u00a0 Unidade B\u00e1sica de Sa\u00fade Salgadeira Endere\u00e7o: Rua Jos\u00e9 Ursulino, s\/n \u2013 Salgadeira \u2013 Itamb\u00e9\/PE \u2013 CEP: 55920-000 Hor\u00e1rio de Funcionamento: De 7h \u00e0s 12h e de 13 \u00e0s 16h \u00a0 Unidade B\u00e1sica de Sa\u00fade Ibiranga Endere\u00e7o: Rua Artur T. Melo, n\u00ba 128 \u2013 Distrito Ibiranga \u2013 Itamb\u00e9\/PE \u2013 CEP: 55920-000 Hor\u00e1rio de Funcionamento: De 7h \u00e0s 12h e de 13 \u00e0s 16h \u00a0 Unidade B\u00e1sica de Sa\u00fade Caric\u00e9 Endere\u00e7o: Rua Jo\u00e3o Barbalho, 130 \u2013 Distrito Caric\u00e9 \u2013 Itamb\u00e9\/PE \u2013 CEP: 55920-000 Hor\u00e1rio de Funcionamento: De 7h \u00e0s 12h e de 13 \u00e0s 16h \u00a0 Unidade B\u00e1sica de Sa\u00fade Quebec Endere\u00e7o: Vila Quebec, s\/n \u2013 Distrito Quebec \u2013 Itamb\u00e9\/PE \u2013 CEP: 55920-000 Hor\u00e1rio de Funcionamento: De 7h \u00e0s 12h e de 13 \u00e0s 16h \u00a0 Unidade B\u00e1sica de Sa\u00fade Luiz Gonzaga Endere\u00e7o: Avenida Afonso Pena, n\u00ba 710 \u2013 Jardim Bela Vista \u2013 Itamb\u00e9\/PE \u2013 CEP: 55920-000 Hor\u00e1rio de Funcionamento: De 7h \u00e0s 12h e de 13 \u00e0s 16h \u00a0 Unidade B\u00e1sica de Sa\u00fade Jardim Endere\u00e7o: Engenho Jardim, n\u00ba 10 \u2013 Zona Rural \u2013 Itamb\u00e9\/PE \u2013 CEP: 55920-000 Hor\u00e1rio de Funcionamento: De 7h \u00e0s 12h e de 13 \u00e0s 16h \u00a0 Unidade B\u00e1sica de Sa\u00fade Maracuj\u00e1 I Endere\u00e7o: Rua Estrada da Giasa, s\/n \u2013 Maracuj\u00e1 I \u2013 Itamb\u00e9\/PE \u2013 CEP: 55920-000 Hor\u00e1rio de Funcionamento: De 7h \u00e0s 12h e de 13 \u00e0s 16h \u00a0 Unidade B\u00e1sica de Sa\u00fade Maracuj\u00e1 II Endere\u00e7o: Rua Severino Nunes Ribeiro, n\u00ba 253 \u2013 Maracuj\u00e1 II \u2013 Itamb\u00e9\/PE \u2013 CEP: 55920-000 Hor\u00e1rio de Funcionamento: De 7h \u00e0s 12h e de 13 \u00e0s 16h \u00a0 Unidade B\u00e1sica de Sa\u00fade Francisco Cordeiro Endere\u00e7o: Rua Jos\u00e9 Mendes Filho, n\u00ba 231 \u2013 Francisco Cordeiro \u2013 Itamb\u00e9\/PE \u2013 CEP: 55920-000 Hor\u00e1rio de Funcionamento: De 7h \u00e0s 12h e de 13 \u00e0s 16h \u00a0 Unidade B\u00e1sica de Sa\u00fade Loteamento Figueiredo Endere\u00e7o: Rua B, n\u00ba 549 \u2013 Loteamento Figueiredo \u2013 Itamb\u00e9\/PE \u2013 CEP: 55920-000 Hor\u00e1rio de Funcionamento: De 7h \u00e0s 12h e de 13 \u00e0s 16h \u00a0 Unidade B\u00e1sica de Sa\u00fade Salgadeira Endere\u00e7o: Rua Jos\u00e9 Ursulino, s\/n \u2013 Salgadeira \u2013 Itamb\u00e9\/PE \u2013 CEP: 55920-000 Hor\u00e1rio de Funcionamento: De 7h \u00e0s 12h e de 13 \u00e0s 16h \u00a0 Centro de Aten\u00e7\u00e3o Psicossocial (CAPS) Endere\u00e7o: Rua Desembargador Vieira de Melo \u2013 Centro \u2013 Itamb\u00e9\/PE \u2013 CEP: 55920-000 Hor\u00e1rio de Funcionamento: De 7h \u00e0s 12h e de 13 \u00e0s 16h \u00a0 N\u00facleo de Apoio \u00e0 Sa\u00fade da Fam\u00edlia (NASF) Endere\u00e7o: Pra\u00e7a Maria Jos\u00e9 S\u00e1 de Andrade, s\/n \u2013 Centro \u2013 Itamb\u00e9\/PE \u2013 CEP: 55920-000 Hor\u00e1rio de Funcionamento: De 7h \u00e0s 12h e de 13 \u00e0s 16h \u00a0 Centro de Especialidades Odontol\u00f3gicas (CEO) Endere\u00e7o: Pra\u00e7a Maria Jos\u00e9 S\u00e1 de Andrade, s\/n \u2013 Centro \u2013 Itamb\u00e9\/PE \u2013 CEP: 55920-000 Hor\u00e1rio de Funcionamento: De 7h \u00e0s 12h e de 13 \u00e0s 16h \u00a0 Centro de Refer\u00eancia de Assist\u00eancia Social (CRAS) Endere\u00e7o: Rua Senador Paulo Guerra, n\u00ba 221\u2013 Centro \u2013 Itamb\u00e9\/PE \u2013 CEP: 55920-000 Hor\u00e1rio de Funcionamento: De 8h \u00e0s 11h e de 13 \u00e0s 16h \u00a0 Centro de Refer\u00eancia Especializado de Assist\u00eancia Social (CREAS) Endere\u00e7o: Rua Dr. Correia Lima, n\u00ba 60 \u2013 Centro \u2013 Itamb\u00e9\/PE \u2013 CEP: 55920-000 Hor\u00e1rio de Funcionamento: De 8h \u00e0s 11h e de 13 \u00e0s 16h \u00a0 Servi\u00e7o de Conviv\u00eancia e Fortalecimento de V\u00ednculos (SFCV) Endere\u00e7o: Rua Senador Paulo Guerra, n\u00ba 221\u2013 Centro \u2013 Itamb\u00e9\/PE \u2013 CEP: 55920-000 Hor\u00e1rio de Funcionamento: De 8h \u00e0s 11h e de 13 \u00e0s 16h \u00a0 Conselho Tutelar Endere\u00e7o: Rua Clara Camar\u00e3o, n\u00ba 48 \u2013 Centro \u2013 Itamb\u00e9\/PE \u2013 CEP: 55920-000 Hor\u00e1rio de Funcionamento: 8h \u00e0s 17h \u2013 Demais hor\u00e1rios sobre aviso. \u00a0 Col\u00e9gio Municipal Professor Nivaldo Xavier de Ara\u00fajo Endere\u00e7o: Pra\u00e7a Maria Jos\u00e9 S\u00e1 de Andrade \u2013 Centro \u2013 Itamb\u00e9\/PE \u2013 CEP: 55920-000 Hor\u00e1rio de Funcionamento: 7h30-11h50\/ 13h-17h20\/ 18h30-21h30 \u00a0 Escola Municipal Andr\u00e9 Vidal de Negreiros Endere\u00e7o: Rua Andr\u00e9 Vidal de Negreiros \u2013 Itamb\u00e9\/PE \u2013 CEP: 55920-000 Hor\u00e1rio de Funcionamento: 7h30-11h50\/ 13h-17h20\/ 18h30-21h30 \u00a0 Escola Municipal Pascoal Carrazzoni Endere\u00e7o: Avenida Tenente Fontoura \u2013 Itamb\u00e9\/PE \u2013 CEP: 55920-000 Hor\u00e1rio de Funcionamento: 7h30-11h50\/ 13h-17h20\/ 18h30-21h30 \u00a0 Escola Municipal Mocinha Barbalho Endere\u00e7o: Estrada da Giasa \u2013 Itamb\u00e9\/PE \u2013 CEP: 55920-000 Hor\u00e1rio de Funcionamento: 7h30-17h20 \u00a0 Creche Municipal Vov\u00f4 Gennaro Endere\u00e7o: Estrada da Giasa \u2013 Itamb\u00e9\/PE \u2013 CEP: 55920-000 Hor\u00e1rio de Funcionamento: 7h30-17h20 \u00a0 Escola Municipal Monsenhor J\u00falio Maria Endere\u00e7o: Rua Ursulino de Andrade \u2013 Itamb\u00e9\/PE \u2013 CEP: 55920-000 Hor\u00e1rio de Funcionamento: 7h30-11h50 \u00a0 Escola Municipal Janduir Jos\u00e9 de Oliveira Endere\u00e7o: Novo Itamb\u00e9 \u2013 Itamb\u00e9\/PE \u2013 CEP: 55920-000 Hor\u00e1rio de Funcionamento: 7h-11h\/ 13h-16h \u00a0 Escola Municipal Lafayete Nunes Machado (Caric\u00e9) Endere\u00e7o: Rua Joaquim Barbalho \u2013 Distrito Caric\u00e9 \u2013 Itamb\u00e9\/PE \u2013 CEP: 55920-000 Hor\u00e1rio de Funcionamento: 7h-11h20\/ 12h30-16h50\/ 18h30-21h30 \u00a0 Creche Municipal Vov\u00f4 Gennaro (Anexo \u2013 Caric\u00e9)&#8230;<\/p>\n","protected":false},"author":1,"featured_media":0,"parent":0,"menu_order":0,"comment_status":"closed","ping_status":"closed","template":"","meta":{"_kad_post_transparent":"","_kad_post_title":"hide","_kad_post_layout":"fullwidth","_kad_post_sidebar_id":"","_kad_post_content_style":"unboxed","_kad_post_vertical_padding":"hide","_kad_post_feature":"hide","_kad_post_feature_position":"","_kad_post_header":false,"_kad_post_footer":false,"footnotes":""},"class_list":["post-240","page","type-page","status-publish","hentry"],"wpmagazine_modules_lite_featured_media_urls":{"thumbnail":"","cvmm-medium":"","cvmm-medium-plus":"","cvmm-portrait":"","cvmm-medium-square":"","cvmm-large":"","cvmm-small":"","full":""},"categories_names":null,"comments_number":"0","_links":{"self":[{"href":"https:\/\/turismonadivisa.com.br\/index.php?rest_route=\/wp\/v2\/pages\/240","targetHints":{"allow":["GET"]}}],"collection":[{"href":"https:\/\/turismonadivisa.com.br\/index.php?rest_route=\/wp\/v2\/pages"}],"about":[{"href":"https:\/\/turismonadivisa.com.br\/index.php?rest_route=\/wp\/v2\/types\/page"}],"author":[{"embeddable":true,"href":"https:\/\/turismonadivisa.com.br\/index.php?rest_route=\/wp\/v2\/users\/1"}],"replies":[{"embeddable":true,"href":"https:\/\/turismonadivisa.com.br\/index.php?rest_route=%2Fwp%2Fv2%2Fcomments&post=240"}],"version-history":[{"count":4,"href":"https:\/\/turismonadivisa.com.br\/index.php?rest_route=\/wp\/v2\/pages\/240\/revisions"}],"predecessor-version":[{"id":244,"href":"https:\/\/turismonadivisa.com.br\/index.php?rest_route=\/wp\/v2\/pages\/240\/revisions\/244"}],"wp:attachment":[{"href":"https:\/\/turismonadivisa.com.br\/index.php?rest_route=%2Fwp%2Fv2%2Fmedia&parent=240"}],"curies":[{"name":"wp","href":"https:\/\/api.w.org\/{rel}","templated":true}]}}